{"id":52451,"date":"2026-01-13T10:00:52","date_gmt":"2026-01-13T09:00:52","guid":{"rendered":"https:\/\/www.iena.ch\/?page_id=52451"},"modified":"2026-03-24T09:20:46","modified_gmt":"2026-03-24T08:20:46","slug":"ekimini","status":"publish","type":"page","link":"https:\/\/www.iena.ch\/de\/ekimini\/","title":{"rendered":"Ekimini"},"content":{"rendered":"\t\t<div data-elementor-type=\"wp-page\" data-elementor-id=\"52451\" class=\"elementor elementor-52451\" data-elementor-post-type=\"page\">\n\t\t\t\t<div class=\"elementor-element elementor-element-9fc5eb1 e-flex e-con-boxed e-con e-parent\" data-id=\"9fc5eb1\" data-element_type=\"container\" data-e-type=\"container\" data-settings=\"{&quot;background_background&quot;:&quot;classic&quot;}\">\n\t\t\t\t\t<div class=\"e-con-inner\">\n\t\t\t\t\t<\/div>\n\t\t\t\t<\/div>\n\t\t<div class=\"elementor-element elementor-element-19d6652 e-flex e-con-boxed e-con e-parent\" data-id=\"19d6652\" data-element_type=\"container\" data-e-type=\"container\">\n\t\t\t\t\t<div class=\"e-con-inner\">\n\t\t\t\t<div class=\"elementor-element elementor-element-ef9e572 elementor-widget elementor-widget-heading\" data-id=\"ef9e572\" data-element_type=\"widget\" data-e-type=\"widget\" data-widget_type=\"heading.default\">\n\t\t\t\t<div class=\"elementor-widget-container\">\n\t\t\t\t\t<h2 class=\"elementor-heading-title elementor-size-default\">Ekimini<\/h2>\t\t\t\t<\/div>\n\t\t\t\t<\/div>\n\t\t\t\t<div class=\"elementor-element elementor-element-45dc030 elementor-widget elementor-widget-text-editor\" data-id=\"45dc030\" data-element_type=\"widget\" data-e-type=\"widget\" data-widget_type=\"text-editor.default\">\n\t\t\t\t<div class=\"elementor-widget-container\">\n\t\t\t\t\t\t\t\t\t<p>L\u2019IENA Academy propose aux plus petits un samedi par mois pour d\u00e9couvrir le monde des poneys.<\/p><p>Au cours d\u2019une heure en pr\u00e9sence des poneys, les enfants apprendront \u00e0 communiquer avec le poney, \u00e0 d\u00e9crypter ses \u00e9motions et \u00e0 s\u2019occuper de lui.<\/p><p>Chaque s\u00e9ance sera compos\u00e9e d\u2019une activit\u00e9 \u00e0 th\u00e8me (pansage, nourrir, mener \u00e0 la longe, guider \u00e0 cheval\u2026) encadr\u00e9e par deux enseignantes de notre Academy.<\/p><p class=\"p1\">L\u2019IENA Academy a pour but de sensibiliser et \u00e9duquer au respect du cheval au travers des activit\u00e9s ludiques et p\u00e9dagogiques afin de p\u00e9renniser les activit\u00e9s \u00e9questres tout en garantissant le bien-\u00eatre du cheval.<\/p><p><strong>Heures :<\/strong>\u00a010h-11h<\/p><p><strong>Prix\u00a0:<\/strong> 30.-CHF par cours<\/p><p><strong>\u00c9quipement\u00a0:<\/strong> Chaussures ferm\u00e9es obligatoires et v\u00eatements adapt\u00e9s aux activit\u00e9s ext\u00e9rieures. Possibilit\u00e9 d\u2019apporter son propre casque d\u2019\u00e9quitation (casques \u00e0 disposition \u00e0 l\u2019\u00e9cole des poneys au besoin).<\/p><p><strong>\u00c2ge\u00a0:<\/strong> De 4 \u00e0 6 ans.<\/p><p>Pas de connaissance en \u00e9quitation n\u00e9cessaire.<\/p><p>Petit groupe de 2 \u00e0 5 enfants.<\/p><p>S\u00e9ance anim\u00e9e en fran\u00e7ais.<\/p>\t\t\t\t\t\t\t\t<\/div>\n\t\t\t\t<\/div>\n\t\t<div class=\"elementor-element elementor-element-1475bdd e-con-full e-flex e-con e-child\" data-id=\"1475bdd\" data-element_type=\"container\" data-e-type=\"container\" data-settings=\"{&quot;background_background&quot;:&quot;classic&quot;}\">\n\t\t\t\t<div class=\"elementor-element elementor-element-8038e57 elementor-widget elementor-widget-heading\" data-id=\"8038e57\" data-element_type=\"widget\" data-e-type=\"widget\" data-widget_type=\"heading.default\">\n\t\t\t\t<div class=\"elementor-widget-container\">\n\t\t\t\t\t<h3 class=\"elementor-heading-title elementor-size-default\">Choississez vos dates (les samedis matin)<\/h3>\t\t\t\t<\/div>\n\t\t\t\t<\/div>\n\t\t\t\t<div class=\"elementor-element elementor-element-79cea49 elementor-widget__width-initial elementor-widget-mobile__width-initial elementor-widget elementor-widget-text-editor\" data-id=\"79cea49\" data-element_type=\"widget\" data-e-type=\"widget\" data-widget_type=\"text-editor.default\">\n\t\t\t\t<div class=\"elementor-widget-container\">\n\t\t\t\t\t\t\t\t\t<h4><a href=\"https:\/\/iena.simplybook.it\/v2\/#book-class\/service\/266\">4 avril <\/a><br \/><a href=\"https:\/\/iena.simplybook.it\/v2\/#book-class\/service\/267\">2 mai<\/a><br \/><a href=\"https:\/\/iena.simplybook.it\/v2\/#book-class\/service\/268\">6 juin<\/a><br \/><a href=\"https:\/\/iena.simplybook.it\/v2\/#book-class\/service\/269\">4 juillet<\/a><br \/><a href=\"https:\/\/iena.simplybook.it\/v2\/#book-class\/service\/270\">8 ao\u00fbt<\/a><br \/><a href=\"https:\/\/iena.simplybook.it\/v2\/#book-class\/service\/271\">12 septembre<\/a><br \/><a href=\"https:\/\/iena.simplybook.it\/v2\/#book-class\/service\/272\">3 octobre<\/a><\/h4>\t\t\t\t\t\t\t\t<\/div>\n\t\t\t\t<\/div>\n\t\t\t\t<\/div>\n\t\t\t\t\t<\/div>\n\t\t\t\t<\/div>\n\t\t<div class=\"elementor-element elementor-element-5982d76 e-flex e-con-boxed e-con e-parent\" data-id=\"5982d76\" data-element_type=\"container\" data-e-type=\"container\">\n\t\t\t\t\t<div class=\"e-con-inner\">\n\t\t\t\t<div class=\"elementor-element elementor-element-0142ed6 elementor-widget elementor-widget-template\" data-id=\"0142ed6\" data-element_type=\"widget\" data-e-type=\"widget\" data-widget_type=\"template.default\">\n\t\t\t\t<div class=\"elementor-widget-container\">\n\t\t\t\t\t\t\t<div class=\"elementor-template\">\n\t\t\t\t\t<div data-elementor-type=\"container\" data-elementor-id=\"47898\" class=\"elementor elementor-47898\" data-elementor-post-type=\"elementor_library\">\n\t\t\t\t<div class=\"elementor-element elementor-element-1e0415f e-con-full e-flex e-con e-parent\" data-id=\"1e0415f\" data-element_type=\"container\" data-e-type=\"container\">\n\t\t\t\t<div class=\"elementor-element elementor-element-0d9cf10 elementor-grid-1 elementor-grid-tablet-2 elementor-grid-mobile-1 elementor-widget elementor-widget-loop-grid\" data-id=\"0d9cf10\" data-element_type=\"widget\" data-e-type=\"widget\" data-settings=\"{&quot;template_id&quot;:48557,&quot;columns&quot;:1,&quot;_skin&quot;:&quot;post&quot;,&quot;columns_tablet&quot;:&quot;2&quot;,&quot;columns_mobile&quot;:&quot;1&quot;,&quot;edit_handle_selector&quot;:&quot;[data-elementor-type=\\&quot;loop-item\\&quot;]&quot;,&quot;row_gap&quot;:{&quot;unit&quot;:&quot;px&quot;,&quot;size&quot;:&quot;&quot;,&quot;sizes&quot;:[]},&quot;row_gap_laptop&quot;:{&quot;unit&quot;:&quot;px&quot;,&quot;size&quot;:&quot;&quot;,&quot;sizes&quot;:[]},&quot;row_gap_tablet_extra&quot;:{&quot;unit&quot;:&quot;px&quot;,&quot;size&quot;:&quot;&quot;,&quot;sizes&quot;:[]},&quot;row_gap_tablet&quot;:{&quot;unit&quot;:&quot;px&quot;,&quot;size&quot;:&quot;&quot;,&quot;sizes&quot;:[]},&quot;row_gap_mobile_extra&quot;:{&quot;unit&quot;:&quot;px&quot;,&quot;size&quot;:&quot;&quot;,&quot;sizes&quot;:[]},&quot;row_gap_mobile&quot;:{&quot;unit&quot;:&quot;px&quot;,&quot;size&quot;:&quot;&quot;,&quot;sizes&quot;:[]}}\" data-widget_type=\"loop-grid.post\">\n\t\t\t\t<div class=\"elementor-widget-container\">\n\t\t\t\t\t\t\t<div class=\"elementor-loop-container elementor-grid\" role=\"list\">\n\t\t<style id=\"loop-dynamic-48557\">.e-loop-item-48600 .elementor-element.elementor-element-097ee25:not(.elementor-motion-effects-element-type-background), .e-loop-item-48600 .elementor-element.elementor-element-097ee25 > .elementor-motion-effects-container > .elementor-motion-effects-layer{background-image:url(\"https:\/\/www.iena.ch\/wp-content\/uploads\/2023\/08\/banniere_cheval_passion.jpg\");}.e-loop-item-48600 .elementor-element.elementor-element-dc6413a{color:#981f28;}.e-loop-item-48600 .elementor-element.elementor-element-603dd0f .elementor-button{fill:#981f28;color:#981f28;border-color:#981f28;}<\/style><style id=\"loop-48557\">.elementor-48557 .elementor-element.elementor-element-097ee25{--display:flex;--flex-direction:row;--container-widget-width:initial;--container-widget-height:100%;--container-widget-flex-grow:1;--container-widget-align-self:stretch;--flex-wrap-mobile:wrap;--justify-content:flex-start;--padding-top:30px;--padding-bottom:30px;--padding-left:30px;--padding-right:30px;}.elementor-48557 .elementor-element.elementor-element-097ee25:not(.elementor-motion-effects-element-type-background), .elementor-48557 .elementor-element.elementor-element-097ee25 > .elementor-motion-effects-container > .elementor-motion-effects-layer{background-position:center right;background-repeat:no-repeat;background-size:cover;}.elementor-48557 .elementor-element.elementor-element-939cb8a{--display:flex;--flex-direction:row;--container-widget-width:calc( ( 1 - var( --container-widget-flex-grow ) ) * 100% );--container-widget-height:100%;--container-widget-flex-grow:1;--container-widget-align-self:stretch;--flex-wrap-mobile:wrap;--align-items:center;--margin-top:0px;--margin-bottom:0px;--margin-left:0px;--margin-right:0px;--padding-top:30px;--padding-bottom:30px;--padding-left:30px;--padding-right:30px;}.elementor-48557 .elementor-element.elementor-element-939cb8a:not(.elementor-motion-effects-element-type-background), .elementor-48557 .elementor-element.elementor-element-939cb8a > .elementor-motion-effects-container > .elementor-motion-effects-layer{background-color:var( --e-global-color-accent );}.elementor-48557 .elementor-element.elementor-element-9c0cc15{--display:flex;--gap:0px 0px;--row-gap:0px;--column-gap:0px;--margin-top:0px;--margin-bottom:0px;--margin-left:0px;--margin-right:0px;--padding-top:0px;--padding-bottom:0px;--padding-left:0px;--padding-right:0px;}.elementor-widget-text-editor{font-family:var( --e-global-typography-text-font-family ), Sans-serif;font-size:var( --e-global-typography-text-font-size );font-weight:var( --e-global-typography-text-font-weight );color:var( --e-global-color-text );}.elementor-widget-text-editor.elementor-drop-cap-view-stacked .elementor-drop-cap{background-color:var( --e-global-color-primary );}.elementor-widget-text-editor.elementor-drop-cap-view-framed .elementor-drop-cap, .elementor-widget-text-editor.elementor-drop-cap-view-default .elementor-drop-cap{color:var( --e-global-color-primary );border-color:var( --e-global-color-primary );}.elementor-48557 .elementor-element.elementor-element-dc6413a{font-family:\"Manrope\", Sans-serif;font-size:32px;font-weight:400;text-transform:uppercase;line-height:32px;}.elementor-48557 .elementor-element.elementor-element-dc6413a > .elementor-widget-container{padding:0px 0px 10px 0px;}.elementor-48557 .elementor-element.elementor-element-c003d90{font-family:\"Manrope\", Sans-serif;font-size:15px;font-weight:500;text-transform:uppercase;color:#858585;}.elementor-48557 .elementor-element.elementor-element-c003d90 > .elementor-widget-container{padding:0px 0px 5px 0px;}.elementor-48557 .elementor-element.elementor-element-ff9f289{color:#5F5F5F;}.elementor-widget-button .elementor-button{font-family:var( --e-global-typography-accent-font-family ), Sans-serif;font-size:var( --e-global-typography-accent-font-size );font-weight:var( --e-global-typography-accent-font-weight );text-transform:var( --e-global-typography-accent-text-transform );background-color:var( --e-global-color-accent );}.elementor-48557 .elementor-element.elementor-element-603dd0f .elementor-button{font-family:\"Manrope\", Sans-serif;font-size:13px;font-weight:700;text-transform:uppercase;border-style:solid;border-width:0px 0px 1px 0px;border-radius:0px 0px 0px 0px;padding:0px 0px 0px 0px;}.elementor-48557 .elementor-element.elementor-element-603dd0f .elementor-button:hover, .elementor-48557 .elementor-element.elementor-element-603dd0f .elementor-button:focus{color:#000000;border-color:#000000;}.elementor-48557 .elementor-element.elementor-element-603dd0f .elementor-button:hover svg, .elementor-48557 .elementor-element.elementor-element-603dd0f .elementor-button:focus svg{fill:#000000;}.elementor-48557 .elementor-element.elementor-element-603dd0f > .elementor-widget-container{margin:0px 0px 0px 0px;padding:5px 0px 0px 0px;}.elementor-48557 .elementor-element.elementor-element-6839e39{--display:flex;--margin-top:0px;--margin-bottom:0px;--margin-left:0px;--margin-right:0px;--padding-top:0px;--padding-bottom:0px;--padding-left:0px;--padding-right:0px;}.elementor-widget-image .widget-image-caption{color:var( --e-global-color-text );font-family:var( --e-global-typography-text-font-family ), Sans-serif;font-size:var( --e-global-typography-text-font-size );font-weight:var( --e-global-typography-text-font-weight );}@media(max-width:1366px){.elementor-widget-text-editor{font-size:var( --e-global-typography-text-font-size );}.elementor-widget-button .elementor-button{font-size:var( --e-global-typography-accent-font-size );}.elementor-widget-image .widget-image-caption{font-size:var( --e-global-typography-text-font-size );}}@media(max-width:1200px){.elementor-48557 .elementor-element.elementor-element-dc6413a{font-size:28px;line-height:28px;}}@media(max-width:1024px){.elementor-widget-text-editor{font-size:var( --e-global-typography-text-font-size );}.elementor-widget-button .elementor-button{font-size:var( --e-global-typography-accent-font-size );}.elementor-widget-image .widget-image-caption{font-size:var( --e-global-typography-text-font-size );}}@media(max-width:880px){.elementor-48557 .elementor-element.elementor-element-939cb8a{--flex-direction:row;--container-widget-width:initial;--container-widget-height:100%;--container-widget-flex-grow:1;--container-widget-align-self:stretch;--flex-wrap-mobile:wrap;--gap:0px 0px;--row-gap:0px;--column-gap:0px;}}@media(max-width:600px){.elementor-48557 .elementor-element.elementor-element-939cb8a{--width:100%;}.elementor-widget-text-editor{font-size:var( --e-global-typography-text-font-size );}.elementor-widget-button .elementor-button{font-size:var( --e-global-typography-accent-font-size );}.elementor-48557 .elementor-element.elementor-element-6839e39{--padding-top:15px;--padding-bottom:0px;--padding-left:0px;--padding-right:0px;}.elementor-widget-image .widget-image-caption{font-size:var( --e-global-typography-text-font-size );}.elementor-48557 .elementor-element.elementor-element-031bfd3 img{max-width:150px;}}@media(min-width:601px){.elementor-48557 .elementor-element.elementor-element-939cb8a{--width:50%;}.elementor-48557 .elementor-element.elementor-element-9c0cc15{--width:50%;}.elementor-48557 .elementor-element.elementor-element-6839e39{--width:50%;}}@media(max-width:1024px) and (min-width:601px){.elementor-48557 .elementor-element.elementor-element-939cb8a{--width:70%;}}@media(max-width:880px) and (min-width:601px){.elementor-48557 .elementor-element.elementor-element-939cb8a{--width:100%;}}\/* Start custom CSS for text-editor, class: .elementor-element-dc6413a *\/.elementor-48557 .elementor-element.elementor-element-dc6413a p\n{\n    margin: 0;\n}\/* End custom CSS *\/\n\/* Start custom CSS for text-editor, class: .elementor-element-dc6413a *\/.elementor-48557 .elementor-element.elementor-element-dc6413a p\n{\n    margin: 0;\n}\/* End custom CSS *\/<\/style>\t\t<div data-elementor-type=\"loop-item\" data-elementor-id=\"48557\" class=\"elementor elementor-48557 e-loop-item e-loop-item-48600 post-48600 banniere_event type-banniere_event status-publish hentry\" data-elementor-post-type=\"elementor_library\" data-custom-edit-handle=\"1\">\n\t\t\t\t\t<\/div>\n\t\t<style id=\"loop-dynamic-48557\">.e-loop-item-48555 .elementor-element.elementor-element-097ee25:not(.elementor-motion-effects-element-type-background), .e-loop-item-48555 .elementor-element.elementor-element-097ee25 > .elementor-motion-effects-container > .elementor-motion-effects-layer{background-image:url(\"https:\/\/www.iena.ch\/wp-content\/uploads\/2023\/09\/Workshop-1-Education-158_recadre-1-scaled.jpg\");}.e-loop-item-48555 .elementor-element.elementor-element-dc6413a{color:#124734;}.e-loop-item-48555 .elementor-element.elementor-element-603dd0f .elementor-button{fill:#124734;color:#124734;border-color:#981f28;}<\/style>\t\t<div data-elementor-type=\"loop-item\" data-elementor-id=\"48557\" class=\"elementor elementor-48557 e-loop-item e-loop-item-48555 post-48555 banniere_event type-banniere_event status-publish hentry\" data-elementor-post-type=\"elementor_library\" data-custom-edit-handle=\"1\">\n\t\t\t\t\t<\/div>\n\t\t\t\t<\/div>\n\t\t\n\t\t\t\t\t\t<\/div>\n\t\t\t\t<\/div>\n\t\t\t\t<\/div>\n\t\t\t\t<\/div>\n\t\t\t\t<\/div>\n\t\t\t\t\t\t<\/div>\n\t\t\t\t<\/div>\n\t\t\t\t\t<\/div>\n\t\t\t\t<\/div>\n\t\t\t\t<\/div>\n\t\t","protected":false},"excerpt":{"rendered":"<p>Ekimini L\u2019IENA Academy propose aux plus petits un samedi par mois pour d\u00e9couvrir le monde des poneys. Au cours d\u2019une heure en pr\u00e9sence des poneys, les enfants apprendront \u00e0 communiquer avec le poney, \u00e0 d\u00e9crypter ses \u00e9motions et \u00e0 s\u2019occuper de lui. Chaque s\u00e9ance sera compos\u00e9e d\u2019une activit\u00e9 \u00e0 th\u00e8me (pansage, nourrir, mener \u00e0 la [&hellip;]<\/p>\n","protected":false},"author":2,"featured_media":0,"parent":0,"menu_order":0,"comment_status":"closed","ping_status":"closed","template":"","meta":{"_acf_changed":false,"footnotes":""},"class_list":["post-52451","page","type-page","status-publish","hentry"],"acf":[],"yoast_head":"<!-- This site is optimized with the Yoast SEO plugin v27.4 - https:\/\/yoast.com\/product\/yoast-seo-wordpress\/ -->\n<title>Ekimini - IENA<\/title>\n<meta name=\"description\" content=\"Nos \u00abcamps ekiKOOL\u00bb sont des classes d\u00e9couverte o\u00f9 on s\u2019amuse en apprenant l\u2019essentiel sur le cheval. Une exp\u00e9rience unique avec nos poneys !\" \/>\n<meta name=\"robots\" content=\"index, follow, max-snippet:-1, max-image-preview:large, max-video-preview:-1\" \/>\n<link rel=\"canonical\" href=\"https:\/\/www.iena.ch\/de\/ekimini\/\" \/>\n<meta property=\"og:locale\" content=\"de_DE\" \/>\n<meta property=\"og:type\" content=\"article\" \/>\n<meta property=\"og:title\" content=\"Ekimini - IENA\" \/>\n<meta property=\"og:description\" content=\"Nos \u00abcamps ekiKOOL\u00bb sont des classes d\u00e9couverte o\u00f9 on s\u2019amuse en apprenant l\u2019essentiel sur le cheval. Une exp\u00e9rience unique avec nos poneys !\" \/>\n<meta property=\"og:url\" content=\"https:\/\/www.iena.ch\/de\/ekimini\/\" \/>\n<meta property=\"og:site_name\" content=\"IENA\" \/>\n<meta property=\"article:publisher\" content=\"https:\/\/www.facebook.com\/iena.avenches\/?locale=fr_FR\" \/>\n<meta property=\"article:modified_time\" content=\"2026-03-24T08:20:46+00:00\" \/>\n<meta name=\"twitter:card\" content=\"summary_large_image\" \/>\n<meta name=\"twitter:site\" content=\"@iena_avenches\" \/>\n<meta name=\"twitter:label1\" content=\"Gesch\u00e4tzte Lesezeit\" \/>\n\t<meta name=\"twitter:data1\" content=\"1\u00a0Minute\" \/>\n<script type=\"application\/ld+json\" class=\"yoast-schema-graph\">{\"@context\":\"https:\\\/\\\/schema.org\",\"@graph\":[{\"@type\":\"WebPage\",\"@id\":\"https:\\\/\\\/www.iena.ch\\\/ekimini\\\/\",\"url\":\"https:\\\/\\\/www.iena.ch\\\/ekimini\\\/\",\"name\":\"Ekimini - IENA\",\"isPartOf\":{\"@id\":\"https:\\\/\\\/www.iena.ch\\\/#website\"},\"datePublished\":\"2026-01-13T09:00:52+00:00\",\"dateModified\":\"2026-03-24T08:20:46+00:00\",\"description\":\"Nos \u00abcamps ekiKOOL\u00bb sont des classes d\u00e9couverte o\u00f9 on s\u2019amuse en apprenant l\u2019essentiel sur le cheval. Une exp\u00e9rience unique avec nos poneys !\",\"breadcrumb\":{\"@id\":\"https:\\\/\\\/www.iena.ch\\\/ekimini\\\/#breadcrumb\"},\"inLanguage\":\"de\",\"potentialAction\":[{\"@type\":\"ReadAction\",\"target\":[\"https:\\\/\\\/www.iena.ch\\\/ekimini\\\/\"]}]},{\"@type\":\"BreadcrumbList\",\"@id\":\"https:\\\/\\\/www.iena.ch\\\/ekimini\\\/#breadcrumb\",\"itemListElement\":[{\"@type\":\"ListItem\",\"position\":1,\"name\":\"Accueil\",\"item\":\"https:\\\/\\\/www.iena.ch\\\/\"},{\"@type\":\"ListItem\",\"position\":2,\"name\":\"Ekimini\"}]},{\"@type\":\"WebSite\",\"@id\":\"https:\\\/\\\/www.iena.ch\\\/#website\",\"url\":\"https:\\\/\\\/www.iena.ch\\\/\",\"name\":\"IENA\",\"description\":\"Institut \u00c9questre National d&#039;Avenches\",\"publisher\":{\"@id\":\"https:\\\/\\\/www.iena.ch\\\/#organization\"},\"potentialAction\":[{\"@type\":\"SearchAction\",\"target\":{\"@type\":\"EntryPoint\",\"urlTemplate\":\"https:\\\/\\\/www.iena.ch\\\/?s={search_term_string}\"},\"query-input\":{\"@type\":\"PropertyValueSpecification\",\"valueRequired\":true,\"valueName\":\"search_term_string\"}}],\"inLanguage\":\"de\"},{\"@type\":\"Organization\",\"@id\":\"https:\\\/\\\/www.iena.ch\\\/#organization\",\"name\":\"IENA\",\"url\":\"https:\\\/\\\/www.iena.ch\\\/\",\"logo\":{\"@type\":\"ImageObject\",\"inLanguage\":\"de\",\"@id\":\"https:\\\/\\\/www.iena.ch\\\/#\\\/schema\\\/logo\\\/image\\\/\",\"url\":\"https:\\\/\\\/www.iena.ch\\\/wp-content\\\/uploads\\\/2023\\\/08\\\/logo-green.png\",\"contentUrl\":\"https:\\\/\\\/www.iena.ch\\\/wp-content\\\/uploads\\\/2023\\\/08\\\/logo-green.png\",\"width\":140,\"height\":78,\"caption\":\"IENA\"},\"image\":{\"@id\":\"https:\\\/\\\/www.iena.ch\\\/#\\\/schema\\\/logo\\\/image\\\/\"},\"sameAs\":[\"https:\\\/\\\/www.facebook.com\\\/iena.avenches\\\/?locale=fr_FR\",\"https:\\\/\\\/x.com\\\/iena_avenches\",\"https:\\\/\\\/www.instagram.com\\\/iena.avenches\\\/\"]}]}<\/script>\n<!-- \/ Yoast SEO plugin. -->","yoast_head_json":{"title":"Ekimini - IENA","description":"Unsere \"ekiKOOL-Camps\" sind Erlebnisklassen, in denen man Spa\u00df hat und gleichzeitig das Wichtigste \u00fcber das Pferd lernt. Eine einzigartige Erfahrung mit unseren Ponys!","robots":{"index":"index","follow":"follow","max-snippet":"max-snippet:-1","max-image-preview":"max-image-preview:large","max-video-preview":"max-video-preview:-1"},"canonical":"https:\/\/www.iena.ch\/de\/ekimini\/","og_locale":"de_DE","og_type":"article","og_title":"Ekimini - IENA","og_description":"Nos \u00abcamps ekiKOOL\u00bb sont des classes d\u00e9couverte o\u00f9 on s\u2019amuse en apprenant l\u2019essentiel sur le cheval. Une exp\u00e9rience unique avec nos poneys !","og_url":"https:\/\/www.iena.ch\/de\/ekimini\/","og_site_name":"IENA","article_publisher":"https:\/\/www.facebook.com\/iena.avenches\/?locale=fr_FR","article_modified_time":"2026-03-24T08:20:46+00:00","twitter_card":"summary_large_image","twitter_site":"@iena_avenches","twitter_misc":{"Gesch\u00e4tzte Lesezeit":"1\u00a0Minute"},"schema":{"@context":"https:\/\/schema.org","@graph":[{"@type":"WebPage","@id":"https:\/\/www.iena.ch\/ekimini\/","url":"https:\/\/www.iena.ch\/ekimini\/","name":"Ekimini - IENA","isPartOf":{"@id":"https:\/\/www.iena.ch\/#website"},"datePublished":"2026-01-13T09:00:52+00:00","dateModified":"2026-03-24T08:20:46+00:00","description":"Unsere \"ekiKOOL-Camps\" sind Erlebnisklassen, in denen man Spa\u00df hat und gleichzeitig das Wichtigste \u00fcber das Pferd lernt. Eine einzigartige Erfahrung mit unseren Ponys!","breadcrumb":{"@id":"https:\/\/www.iena.ch\/ekimini\/#breadcrumb"},"inLanguage":"de","potentialAction":[{"@type":"ReadAction","target":["https:\/\/www.iena.ch\/ekimini\/"]}]},{"@type":"BreadcrumbList","@id":"https:\/\/www.iena.ch\/ekimini\/#breadcrumb","itemListElement":[{"@type":"ListItem","position":1,"name":"Accueil","item":"https:\/\/www.iena.ch\/"},{"@type":"ListItem","position":2,"name":"Ekimini"}]},{"@type":"WebSite","@id":"https:\/\/www.iena.ch\/#website","url":"https:\/\/www.iena.ch\/","name":"IENA","description":"Institut \u00c9questre National d&#039;Avenches","publisher":{"@id":"https:\/\/www.iena.ch\/#organization"},"potentialAction":[{"@type":"SearchAction","target":{"@type":"EntryPoint","urlTemplate":"https:\/\/www.iena.ch\/?s={search_term_string}"},"query-input":{"@type":"PropertyValueSpecification","valueRequired":true,"valueName":"search_term_string"}}],"inLanguage":"de"},{"@type":"Organization","@id":"https:\/\/www.iena.ch\/#organization","name":"IENA","url":"https:\/\/www.iena.ch\/","logo":{"@type":"ImageObject","inLanguage":"de","@id":"https:\/\/www.iena.ch\/#\/schema\/logo\/image\/","url":"https:\/\/www.iena.ch\/wp-content\/uploads\/2023\/08\/logo-green.png","contentUrl":"https:\/\/www.iena.ch\/wp-content\/uploads\/2023\/08\/logo-green.png","width":140,"height":78,"caption":"IENA"},"image":{"@id":"https:\/\/www.iena.ch\/#\/schema\/logo\/image\/"},"sameAs":["https:\/\/www.facebook.com\/iena.avenches\/?locale=fr_FR","https:\/\/x.com\/iena_avenches","https:\/\/www.instagram.com\/iena.avenches\/"]}]}},"_links":{"self":[{"href":"https:\/\/www.iena.ch\/de\/wp-json\/wp\/v2\/pages\/52451","targetHints":{"allow":["GET"]}}],"collection":[{"href":"https:\/\/www.iena.ch\/de\/wp-json\/wp\/v2\/pages"}],"about":[{"href":"https:\/\/www.iena.ch\/de\/wp-json\/wp\/v2\/types\/page"}],"author":[{"embeddable":true,"href":"https:\/\/www.iena.ch\/de\/wp-json\/wp\/v2\/users\/2"}],"replies":[{"embeddable":true,"href":"https:\/\/www.iena.ch\/de\/wp-json\/wp\/v2\/comments?post=52451"}],"version-history":[{"count":22,"href":"https:\/\/www.iena.ch\/de\/wp-json\/wp\/v2\/pages\/52451\/revisions"}],"predecessor-version":[{"id":52757,"href":"https:\/\/www.iena.ch\/de\/wp-json\/wp\/v2\/pages\/52451\/revisions\/52757"}],"wp:attachment":[{"href":"https:\/\/www.iena.ch\/de\/wp-json\/wp\/v2\/media?parent=52451"}],"curies":[{"name":"wp","href":"https:\/\/api.w.org\/{rel}","templated":true}]}}