{"id":47145,"date":"2023-09-01T16:26:30","date_gmt":"2023-09-01T14:26:30","guid":{"rendered":"https:\/\/iena.ch\/?page_id=47145"},"modified":"2025-11-19T16:05:42","modified_gmt":"2025-11-19T15:05:42","slug":"comment-parier","status":"publish","type":"page","link":"https:\/\/www.iena.ch\/de\/comment-parier\/","title":{"rendered":"Wie wettet man ?"},"content":{"rendered":"<div data-elementor-type=\"wp-page\" data-elementor-id=\"47145\" class=\"elementor elementor-47145\" data-elementor-post-type=\"page\">\n\t\t\t\t<div class=\"elementor-element elementor-element-14ab3e7 e-flex e-con-boxed e-con e-parent\" data-id=\"14ab3e7\" data-element_type=\"container\" data-e-type=\"container\" data-settings=\"{&quot;background_background&quot;:&quot;classic&quot;}\">\n\t\t\t\t\t<div class=\"e-con-inner\">\n\t\t\t\t\t<\/div>\n\t\t\t\t<\/div>\n\t\t<div class=\"elementor-element elementor-element-082081d e-flex e-con-boxed e-con e-parent\" data-id=\"082081d\" data-element_type=\"container\" data-e-type=\"container\">\n\t\t\t\t\t<div class=\"e-con-inner\">\n\t\t<div class=\"elementor-element elementor-element-e01e210 e-con-full e-flex e-con e-child\" data-id=\"e01e210\" data-element_type=\"container\" data-e-type=\"container\">\n\t\t<div class=\"elementor-element elementor-element-973c775 e-flex e-con-boxed e-con e-child\" data-id=\"973c775\" data-element_type=\"container\" data-e-type=\"container\" data-settings=\"{&quot;background_background&quot;:&quot;classic&quot;}\">\n\t\t\t\t\t<div class=\"e-con-inner\">\n\t\t\t\t\t<\/div>\n\t\t\t\t<\/div>\n\t\t<div class=\"elementor-element elementor-element-f4aa9f0 e-flex e-con-boxed e-con e-child\" data-id=\"f4aa9f0\" data-element_type=\"container\" data-e-type=\"container\" data-settings=\"{&quot;background_background&quot;:&quot;classic&quot;}\">\n\t\t\t\t\t<div class=\"e-con-inner\">\n\t\t\t\t<div class=\"elementor-element elementor-element-099cd2d elementor-widget elementor-widget-heading\" data-id=\"099cd2d\" data-element_type=\"widget\" data-e-type=\"widget\" data-widget_type=\"heading.default\">\n\t\t\t\t<div class=\"elementor-widget-container\">\n\t\t\t\t\t<h3 class=\"elementor-heading-title elementor-size-default\">IENA CUP<\/h3>\t\t\t\t<\/div>\n\t\t\t\t<\/div>\n\t\t\t\t<div class=\"elementor-element elementor-element-f220c21 elementor-widget elementor-widget-text-editor\" data-id=\"f220c21\" data-element_type=\"widget\" data-e-type=\"widget\" data-widget_type=\"text-editor.default\">\n\t\t\t\t<div class=\"elementor-widget-container\">\n\t\t\t\t\t\t\t\t\t<p class=\"p1\">Neues Preisgeld-System, Punkteklassement aller Pferde, die in den Rennen in Avenches teilnehmen, Finals f\u00fcr ausgew\u00e4hlte Kategorien, spezielle Dotationen.<\/p>\t\t\t\t\t\t\t\t<\/div>\n\t\t\t\t<\/div>\n\t\t\t\t<div class=\"elementor-element elementor-element-f272ba9 elementor-widget elementor-widget-button\" data-id=\"f272ba9\" data-element_type=\"widget\" data-e-type=\"widget\" data-widget_type=\"button.default\">\n\t\t\t\t<div class=\"elementor-widget-container\">\n\t\t\t\t\t\t\t\t\t<div class=\"elementor-button-wrapper\">\n\t\t\t\t\t<a class=\"elementor-button elementor-button-link elementor-size-sm\" href=\"https:\/\/www.iena.ch\/de\/iena-cup\/\">\n\t\t\t\t\t\t<span class=\"elementor-button-content-wrapper\">\n\t\t\t\t\t\t\t\t\t<span class=\"elementor-button-text\">+ WEITERE INFORMATIONEN<\/span>\n\t\t\t\t\t<\/span>\n\t\t\t\t\t<\/a>\n\t\t\t\t<\/div>\n\t\t\t\t\t\t\t\t<\/div>\n\t\t\t\t<\/div>\n\t\t\t\t\t<\/div>\n\t\t\t\t<\/div>\n\t\t\t\t<\/div>\n\t\t<div class=\"elementor-element elementor-element-9e3f70a e-con-full e-flex e-con e-child\" data-id=\"9e3f70a\" data-element_type=\"container\" data-e-type=\"container\">\n\t\t<div class=\"elementor-element elementor-element-6b6329f e-flex e-con-boxed e-con e-child\" data-id=\"6b6329f\" data-element_type=\"container\" data-e-type=\"container\" data-settings=\"{&quot;background_background&quot;:&quot;classic&quot;}\">\n\t\t\t\t\t<div class=\"e-con-inner\">\n\t\t\t\t\t<\/div>\n\t\t\t\t<\/div>\n\t\t<div class=\"elementor-element elementor-element-cdbda67 e-flex e-con-boxed e-con e-child\" data-id=\"cdbda67\" data-element_type=\"container\" data-e-type=\"container\" data-settings=\"{&quot;background_background&quot;:&quot;classic&quot;}\">\n\t\t\t\t\t<div class=\"e-con-inner\">\n\t\t\t\t<div class=\"elementor-element elementor-element-516ecbe elementor-widget elementor-widget-heading\" data-id=\"516ecbe\" data-element_type=\"widget\" data-e-type=\"widget\" data-widget_type=\"heading.default\">\n\t\t\t\t<div class=\"elementor-widget-container\">\n\t\t\t\t\t<h3 class=\"elementor-heading-title elementor-size-default\">Kalender<\/h3>\t\t\t\t<\/div>\n\t\t\t\t<\/div>\n\t\t\t\t<div class=\"elementor-element elementor-element-e9c950e elementor-widget elementor-widget-text-editor\" data-id=\"e9c950e\" data-element_type=\"widget\" data-e-type=\"widget\" data-widget_type=\"text-editor.default\">\n\t\t\t\t<div class=\"elementor-widget-container\">\n\t\t\t\t\t\t\t\t\t<p class=\"p1\">Hier finden Sie alle Daten der Rennen und anderen Veranstaltungen im IENA.<\/p>\t\t\t\t\t\t\t\t<\/div>\n\t\t\t\t<\/div>\n\t\t\t\t<div class=\"elementor-element elementor-element-bc7e89b elementor-widget elementor-widget-button\" data-id=\"bc7e89b\" data-element_type=\"widget\" data-e-type=\"widget\" data-widget_type=\"button.default\">\n\t\t\t\t<div class=\"elementor-widget-container\">\n\t\t\t\t\t\t\t\t\t<div class=\"elementor-button-wrapper\">\n\t\t\t\t\t<a class=\"elementor-button elementor-button-link elementor-size-sm\" href=\"https:\/\/www.iena.ch\/de\/calendrier\/\">\n\t\t\t\t\t\t<span class=\"elementor-button-content-wrapper\">\n\t\t\t\t\t\t\t\t\t<span class=\"elementor-button-text\">siehe Kalender<\/span>\n\t\t\t\t\t<\/span>\n\t\t\t\t\t<\/a>\n\t\t\t\t<\/div>\n\t\t\t\t\t\t\t\t<\/div>\n\t\t\t\t<\/div>\n\t\t\t\t\t<\/div>\n\t\t\t\t<\/div>\n\t\t\t\t<\/div>\n\t\t<div class=\"elementor-element elementor-element-a052fce e-con-full e-flex e-con e-child\" data-id=\"a052fce\" data-element_type=\"container\" data-e-type=\"container\">\n\t\t<div class=\"elementor-element elementor-element-e31e2f1 e-flex e-con-boxed e-con e-child\" data-id=\"e31e2f1\" data-element_type=\"container\" data-e-type=\"container\" data-settings=\"{&quot;background_background&quot;:&quot;classic&quot;}\">\n\t\t\t\t\t<div class=\"e-con-inner\">\n\t\t\t\t\t<\/div>\n\t\t\t\t<\/div>\n\t\t<div class=\"elementor-element elementor-element-09d4bc9 e-flex e-con-boxed e-con e-child\" data-id=\"09d4bc9\" data-element_type=\"container\" data-e-type=\"container\" data-settings=\"{&quot;background_background&quot;:&quot;classic&quot;}\">\n\t\t\t\t\t<div class=\"e-con-inner\">\n\t\t\t\t<div class=\"elementor-element elementor-element-03f315d elementor-widget elementor-widget-heading\" data-id=\"03f315d\" data-element_type=\"widget\" data-e-type=\"widget\" data-widget_type=\"heading.default\">\n\t\t\t\t<div class=\"elementor-widget-container\">\n\t\t\t\t\t<h3 class=\"elementor-heading-title elementor-size-default\">Videos<\/h3>\t\t\t\t<\/div>\n\t\t\t\t<\/div>\n\t\t\t\t<div class=\"elementor-element elementor-element-cef4ecb elementor-widget elementor-widget-text-editor\" data-id=\"cef4ecb\" data-element_type=\"widget\" data-e-type=\"widget\" data-widget_type=\"text-editor.default\">\n\t\t\t\t<div class=\"elementor-widget-container\">\n\t\t\t\t\t\t\t\t\t<p class=\"p1\">Hier finden Sie die Videos der letzten in der Schweiz<span class=\"Apple-converted-space\">\u00a0<\/span>gelaufenen Rennen.<\/p>\t\t\t\t\t\t\t\t<\/div>\n\t\t\t\t<\/div>\n\t\t\t\t<div class=\"elementor-element elementor-element-ca02f1b elementor-widget elementor-widget-button\" data-id=\"ca02f1b\" data-element_type=\"widget\" data-e-type=\"widget\" data-widget_type=\"button.default\">\n\t\t\t\t<div class=\"elementor-widget-container\">\n\t\t\t\t\t\t\t\t\t<div class=\"elementor-button-wrapper\">\n\t\t\t\t\t<a class=\"elementor-button elementor-button-link elementor-size-sm\" href=\"https:\/\/www.iena.ch\/de\/videos-des-courses\/\">\n\t\t\t\t\t\t<span class=\"elementor-button-content-wrapper\">\n\t\t\t\t\t\t\t\t\t<span class=\"elementor-button-text\">Videos ansehen<\/span>\n\t\t\t\t\t<\/span>\n\t\t\t\t\t<\/a>\n\t\t\t\t<\/div>\n\t\t\t\t\t\t\t\t<\/div>\n\t\t\t\t<\/div>\n\t\t\t\t\t<\/div>\n\t\t\t\t<\/div>\n\t\t\t\t<\/div>\n\t\t\t\t\t<\/div>\n\t\t\t\t<\/div>\n\t\t<div class=\"elementor-element elementor-element-12c7540 e-flex e-con-boxed e-con e-parent\" data-id=\"12c7540\" data-element_type=\"container\" data-e-type=\"container\">\n\t\t\t\t\t<div class=\"e-con-inner\">\n\t\t\t\t<div class=\"elementor-element elementor-element-7e25e4d elementor-widget elementor-widget-heading\" data-id=\"7e25e4d\" data-element_type=\"widget\" data-e-type=\"widget\" data-widget_type=\"heading.default\">\n\t\t\t\t<div class=\"elementor-widget-container\">\n\t\t\t\t\t<h2 class=\"elementor-heading-title elementor-size-default\">Wie wettet man ?<\/h2>\t\t\t\t<\/div>\n\t\t\t\t<\/div>\n\t\t\t\t<div class=\"elementor-element elementor-element-0be849e elementor-widget elementor-widget-text-editor\" data-id=\"0be849e\" data-element_type=\"widget\" data-e-type=\"widget\" data-widget_type=\"text-editor.default\">\n\t\t\t\t<div class=\"elementor-widget-container\">\n\t\t\t\t\t\t\t\t\t<p class=\"p1\">Wenn Sie auf ein Pferd wetten, teilen Sie f\u00fcr ein Rennen lang sein Schicksal und fiebern mit ihm mit: Wenn das Pferd gewinnt, gewinnen Sie auch! Mit einer Wette gestalten Sie Ihren Besuch auf der Rennbahn von Avenches noch interessanter! Sie finanzieren auch den Pferdesport, da ein Prozentsatz der Wetteins\u00e4tze f\u00fcr die Bezahlung der Besitzer, Trainer, Fahrer, Jockeys und Z\u00fcchter verwendet wird. Ohne Wetten gibt es keine Rennen.<\/p>\t\t\t\t\t\t\t\t<\/div>\n\t\t\t\t<\/div>\n\t\t\t\t\t<\/div>\n\t\t\t\t<\/div>\n\t\t<div class=\"elementor-element elementor-element-83aaf3e e-flex e-con-boxed e-con e-parent\" data-id=\"83aaf3e\" data-element_type=\"container\" data-e-type=\"container\">\n\t\t\t\t\t<div class=\"e-con-inner\">\n\t\t<div class=\"elementor-element elementor-element-4fa9f2f e-flex e-con-boxed e-con e-child\" data-id=\"4fa9f2f\" data-element_type=\"container\" data-e-type=\"container\">\n\t\t\t\t\t<div class=\"e-con-inner\">\n\t\t<div class=\"elementor-element elementor-element-0a9d470 e-con-full e-flex e-con e-child\" data-id=\"0a9d470\" data-element_type=\"container\" data-e-type=\"container\">\n\t\t<div class=\"elementor-element elementor-element-6fc45a5 e-flex e-con-boxed e-con e-child\" data-id=\"6fc45a5\" data-element_type=\"container\" data-e-type=\"container\" data-settings=\"{&quot;background_background&quot;:&quot;classic&quot;}\">\n\t\t\t\t\t<div class=\"e-con-inner\">\n\t\t\t\t\t<\/div>\n\t\t\t\t<\/div>\n\t\t<div class=\"elementor-element elementor-element-4190d04 e-flex e-con-boxed e-con e-child\" data-id=\"4190d04\" data-element_type=\"container\" data-e-type=\"container\" data-settings=\"{&quot;background_background&quot;:&quot;classic&quot;}\">\n\t\t\t\t\t<div class=\"e-con-inner\">\n\t\t\t\t<div class=\"elementor-element elementor-element-3f163c2 elementor-widget elementor-widget-heading\" data-id=\"3f163c2\" data-element_type=\"widget\" data-e-type=\"widget\" data-widget_type=\"heading.default\">\n\t\t\t\t<div class=\"elementor-widget-container\">\n\t\t\t\t\t<h3 class=\"elementor-heading-title elementor-size-default\">WIE WETTEN ?<\/h3>\t\t\t\t<\/div>\n\t\t\t\t<\/div>\n\t\t\t\t<div class=\"elementor-element elementor-element-8eb303e elementor-widget elementor-widget-text-editor\" data-id=\"8eb303e\" data-element_type=\"widget\" data-e-type=\"widget\" data-widget_type=\"text-editor.default\">\n\t\t\t\t<div class=\"elementor-widget-container\">\n\t\t\t\t\t\t\t\t\t<p class=\"p1\"><b>TIPPS DES PMU<\/b><\/p><p class=\"p3\">Wie w\u00e4hlt man die richtigen Pferde aus, welche Arten von Wetten gibt es und wie wetten die Profis? Antworten auf diese Fragen und Tipps zum Wetten finden Sie auf der PMU-Website.<b><\/b><\/p>\t\t\t\t\t\t\t\t<\/div>\n\t\t\t\t<\/div>\n\t\t\t\t<div class=\"elementor-element elementor-element-89ea3a7 elementor-widget elementor-widget-button\" data-id=\"89ea3a7\" data-element_type=\"widget\" data-e-type=\"widget\" data-widget_type=\"button.default\">\n\t\t\t\t<div class=\"elementor-widget-container\">\n\t\t\t\t\t\t\t\t\t<div class=\"elementor-button-wrapper\">\n\t\t\t\t\t<a class=\"elementor-button elementor-button-link elementor-size-sm\" href=\"https:\/\/www.pmu.ch\/fr\/jumpingpages\/pmu_jumpingpage.html\" target=\"_blank\">\n\t\t\t\t\t\t<span class=\"elementor-button-content-wrapper\">\n\t\t\t\t\t\t\t\t\t<span class=\"elementor-button-text\">die Wetten entdecken<\/span>\n\t\t\t\t\t<\/span>\n\t\t\t\t\t<\/a>\n\t\t\t\t<\/div>\n\t\t\t\t\t\t\t\t<\/div>\n\t\t\t\t<\/div>\n\t\t\t\t\t<\/div>\n\t\t\t\t<\/div>\n\t\t\t\t<\/div>\n\t\t<div class=\"elementor-element elementor-element-af55f75 e-con-full e-flex e-con e-child\" data-id=\"af55f75\" data-element_type=\"container\" data-e-type=\"container\">\n\t\t<div class=\"elementor-element elementor-element-e8fc259 e-flex e-con-boxed e-con e-child\" data-id=\"e8fc259\" data-element_type=\"container\" data-e-type=\"container\" data-settings=\"{&quot;background_background&quot;:&quot;classic&quot;}\">\n\t\t\t\t\t<div class=\"e-con-inner\">\n\t\t\t\t\t<\/div>\n\t\t\t\t<\/div>\n\t\t<div class=\"elementor-element elementor-element-876b0b8 e-flex e-con-boxed e-con e-child\" data-id=\"876b0b8\" data-element_type=\"container\" data-e-type=\"container\" data-settings=\"{&quot;background_background&quot;:&quot;classic&quot;}\">\n\t\t\t\t\t<div class=\"e-con-inner\">\n\t\t\t\t<div class=\"elementor-element elementor-element-7351443 elementor-widget elementor-widget-heading\" data-id=\"7351443\" data-element_type=\"widget\" data-e-type=\"widget\" data-widget_type=\"heading.default\">\n\t\t\t\t<div class=\"elementor-widget-container\">\n\t\t\t\t\t<h3 class=\"elementor-heading-title elementor-size-default\">WO WETTEN ?<\/h3>\t\t\t\t<\/div>\n\t\t\t\t<\/div>\n\t\t\t\t<div class=\"elementor-element elementor-element-e53b142 elementor-widget elementor-widget-text-editor\" data-id=\"e53b142\" data-element_type=\"widget\" data-e-type=\"widget\" data-widget_type=\"text-editor.default\">\n\t\t\t\t<div class=\"elementor-widget-container\">\n\t\t\t\t\t\t\t\t\t<p class=\"p1\"><b>Sie k\u00f6nnen direkt auf der Pferderennbahn in Avenches wetten.<\/b><\/p><p class=\"p3\">Entweder an den PMU-Terminals, die im Restaurant zur Verf\u00fcgung stehen, oder w\u00e4hrend der Renntage an den vorgesehenen Schaltern.<\/p><p class=\"p3\">Sie k\u00f6nnen auch online auf der Website des PMU wetten. Dort finden Sie auch Informationen sowie das vollst\u00e4ndige Programm aller Rennen, auf die in der Schweiz gewettet werden kann.<\/p>\t\t\t\t\t\t\t\t<\/div>\n\t\t\t\t<\/div>\n\t\t\t\t<div class=\"elementor-element elementor-element-8c94803 elementor-widget elementor-widget-button\" data-id=\"8c94803\" data-element_type=\"widget\" data-e-type=\"widget\" data-widget_type=\"button.default\">\n\t\t\t\t<div class=\"elementor-widget-container\">\n\t\t\t\t\t\t\t\t\t<div class=\"elementor-button-wrapper\">\n\t\t\t\t\t<a class=\"elementor-button elementor-button-link elementor-size-sm\" href=\"https:\/\/jeux.loro.ch\/horses\/\" target=\"_blank\">\n\t\t\t\t\t\t<span class=\"elementor-button-content-wrapper\">\n\t\t\t\t\t\t\t\t\t<span class=\"elementor-button-text\">die Wetten entdecken<\/span>\n\t\t\t\t\t<\/span>\n\t\t\t\t\t<\/a>\n\t\t\t\t<\/div>\n\t\t\t\t\t\t\t\t<\/div>\n\t\t\t\t<\/div>\n\t\t\t\t\t<\/div>\n\t\t\t\t<\/div>\n\t\t\t\t<\/div>\n\t\t\t\t\t<\/div>\n\t\t\t\t<\/div>\n\t\t\t\t\t<\/div>\n\t\t\t\t<\/div>\n\t\t<div class=\"elementor-element elementor-element-f35853e e-flex e-con-boxed e-con e-parent\" data-id=\"f35853e\" data-element_type=\"container\" data-e-type=\"container\">\n\t\t\t\t\t<div class=\"e-con-inner\">\n\t\t\t\t\t<\/div>\n\t\t\t\t<\/div>\n\t\t\t\t<\/div>","protected":false},"excerpt":{"rendered":"<p>IENA CUP Nouvelle grille pour les dotations, classement aux points pour tous les chevaux participant aux courses broyardes, finales r\u00e9serv\u00e9es \u00e0 des cat\u00e9gories bien distinctes, r\u00e9compenses sp\u00e9cifiques&#8230; + D&rsquo;INFORMATIONS Calendrier Retrouvez ici l\u2019ensemble des dates des courses et \u00e9v\u00e9nements \u00e0 l\u2019IENA voir le calendrier Vid\u00e9os Retrouvez ici les vid\u00e9os des derni\u00e8res courses\u00a0disput\u00e9es en Suisse. voir [&hellip;]<\/p>\n","protected":false},"author":1,"featured_media":0,"parent":0,"menu_order":0,"comment_status":"closed","ping_status":"closed","template":"","meta":{"_acf_changed":false,"footnotes":""},"class_list":["post-47145","page","type-page","status-publish","hentry"],"acf":[],"yoast_head":"<!-- This site is optimized with the Yoast SEO plugin v27.4 - https:\/\/yoast.com\/product\/yoast-seo-wordpress\/ -->\n<title>Comment parier ? - IENA, institut \u00e9questre national d&#039;Avenches<\/title>\n<meta name=\"description\" content=\"Comment parier ? En effet, les paris sont un excellent moyen de pimenter encore davantage votre visite sur l\u2019hippodrome d\u2019Avenches.\" \/>\n<meta name=\"robots\" content=\"index, follow, max-snippet:-1, max-image-preview:large, max-video-preview:-1\" \/>\n<link rel=\"canonical\" href=\"https:\/\/www.iena.ch\/de\/comment-parier\/\" \/>\n<meta property=\"og:locale\" content=\"de_DE\" \/>\n<meta property=\"og:type\" content=\"article\" \/>\n<meta property=\"og:title\" content=\"Comment parier ? - IENA, institut \u00e9questre national d&#039;Avenches\" \/>\n<meta property=\"og:description\" content=\"Comment parier ? En effet, les paris sont un excellent moyen de pimenter encore davantage votre visite sur l\u2019hippodrome d\u2019Avenches.\" \/>\n<meta property=\"og:url\" content=\"https:\/\/www.iena.ch\/de\/comment-parier\/\" \/>\n<meta property=\"og:site_name\" content=\"IENA\" \/>\n<meta property=\"article:publisher\" content=\"https:\/\/www.facebook.com\/iena.avenches\/?locale=fr_FR\" \/>\n<meta property=\"article:modified_time\" content=\"2025-11-19T15:05:42+00:00\" \/>\n<meta name=\"twitter:card\" content=\"summary_large_image\" \/>\n<meta name=\"twitter:site\" content=\"@iena_avenches\" \/>\n<meta name=\"twitter:label1\" content=\"Gesch\u00e4tzte Lesezeit\" \/>\n\t<meta name=\"twitter:data1\" content=\"2\u00a0Minuten\" \/>\n<script type=\"application\/ld+json\" class=\"yoast-schema-graph\">{\"@context\":\"https:\\\/\\\/schema.org\",\"@graph\":[{\"@type\":\"WebPage\",\"@id\":\"https:\\\/\\\/www.iena.ch\\\/comment-parier\\\/\",\"url\":\"https:\\\/\\\/www.iena.ch\\\/comment-parier\\\/\",\"name\":\"Comment parier ? - IENA, institut \u00e9questre national d'Avenches\",\"isPartOf\":{\"@id\":\"https:\\\/\\\/www.iena.ch\\\/#website\"},\"datePublished\":\"2023-09-01T14:26:30+00:00\",\"dateModified\":\"2025-11-19T15:05:42+00:00\",\"description\":\"Comment parier ? En effet, les paris sont un excellent moyen de pimenter encore davantage votre visite sur l\u2019hippodrome d\u2019Avenches.\",\"breadcrumb\":{\"@id\":\"https:\\\/\\\/www.iena.ch\\\/comment-parier\\\/#breadcrumb\"},\"inLanguage\":\"de\",\"potentialAction\":[{\"@type\":\"ReadAction\",\"target\":[\"https:\\\/\\\/www.iena.ch\\\/comment-parier\\\/\"]}]},{\"@type\":\"BreadcrumbList\",\"@id\":\"https:\\\/\\\/www.iena.ch\\\/comment-parier\\\/#breadcrumb\",\"itemListElement\":[{\"@type\":\"ListItem\",\"position\":1,\"name\":\"Accueil\",\"item\":\"https:\\\/\\\/www.iena.ch\\\/\"},{\"@type\":\"ListItem\",\"position\":2,\"name\":\"Comment parier ?\"}]},{\"@type\":\"WebSite\",\"@id\":\"https:\\\/\\\/www.iena.ch\\\/#website\",\"url\":\"https:\\\/\\\/www.iena.ch\\\/\",\"name\":\"IENA\",\"description\":\"Institut \u00c9questre National d&#039;Avenches\",\"publisher\":{\"@id\":\"https:\\\/\\\/www.iena.ch\\\/#organization\"},\"potentialAction\":[{\"@type\":\"SearchAction\",\"target\":{\"@type\":\"EntryPoint\",\"urlTemplate\":\"https:\\\/\\\/www.iena.ch\\\/?s={search_term_string}\"},\"query-input\":{\"@type\":\"PropertyValueSpecification\",\"valueRequired\":true,\"valueName\":\"search_term_string\"}}],\"inLanguage\":\"de\"},{\"@type\":\"Organization\",\"@id\":\"https:\\\/\\\/www.iena.ch\\\/#organization\",\"name\":\"IENA\",\"url\":\"https:\\\/\\\/www.iena.ch\\\/\",\"logo\":{\"@type\":\"ImageObject\",\"inLanguage\":\"de\",\"@id\":\"https:\\\/\\\/www.iena.ch\\\/#\\\/schema\\\/logo\\\/image\\\/\",\"url\":\"https:\\\/\\\/www.iena.ch\\\/wp-content\\\/uploads\\\/2023\\\/08\\\/logo-green.png\",\"contentUrl\":\"https:\\\/\\\/www.iena.ch\\\/wp-content\\\/uploads\\\/2023\\\/08\\\/logo-green.png\",\"width\":140,\"height\":78,\"caption\":\"IENA\"},\"image\":{\"@id\":\"https:\\\/\\\/www.iena.ch\\\/#\\\/schema\\\/logo\\\/image\\\/\"},\"sameAs\":[\"https:\\\/\\\/www.facebook.com\\\/iena.avenches\\\/?locale=fr_FR\",\"https:\\\/\\\/x.com\\\/iena_avenches\",\"https:\\\/\\\/www.instagram.com\\\/iena.avenches\\\/\"]}]}<\/script>\n<!-- \/ Yoast SEO plugin. -->","yoast_head_json":{"title":"Wie k\u00f6nnen Sie wetten? - IENA, nationales Reitinstitut in Avenches","description":"Wie k\u00f6nnen Sie wetten? Wetten sind n\u00e4mlich ein hervorragendes Mittel, um Ihren Besuch auf der Pferderennbahn von Avenches noch mehr zu w\u00fcrzen.","robots":{"index":"index","follow":"follow","max-snippet":"max-snippet:-1","max-image-preview":"max-image-preview:large","max-video-preview":"max-video-preview:-1"},"canonical":"https:\/\/www.iena.ch\/de\/comment-parier\/","og_locale":"de_DE","og_type":"article","og_title":"Comment parier ? - IENA, institut \u00e9questre national d'Avenches","og_description":"Comment parier ? En effet, les paris sont un excellent moyen de pimenter encore davantage votre visite sur l\u2019hippodrome d\u2019Avenches.","og_url":"https:\/\/www.iena.ch\/de\/comment-parier\/","og_site_name":"IENA","article_publisher":"https:\/\/www.facebook.com\/iena.avenches\/?locale=fr_FR","article_modified_time":"2025-11-19T15:05:42+00:00","twitter_card":"summary_large_image","twitter_site":"@iena_avenches","twitter_misc":{"Gesch\u00e4tzte Lesezeit":"2\u00a0Minuten"},"schema":{"@context":"https:\/\/schema.org","@graph":[{"@type":"WebPage","@id":"https:\/\/www.iena.ch\/comment-parier\/","url":"https:\/\/www.iena.ch\/comment-parier\/","name":"Wie k\u00f6nnen Sie wetten? - IENA, nationales Reitinstitut in Avenches","isPartOf":{"@id":"https:\/\/www.iena.ch\/#website"},"datePublished":"2023-09-01T14:26:30+00:00","dateModified":"2025-11-19T15:05:42+00:00","description":"Wie k\u00f6nnen Sie wetten? Wetten sind n\u00e4mlich ein hervorragendes Mittel, um Ihren Besuch auf der Pferderennbahn von Avenches noch mehr zu w\u00fcrzen.","breadcrumb":{"@id":"https:\/\/www.iena.ch\/comment-parier\/#breadcrumb"},"inLanguage":"de","potentialAction":[{"@type":"ReadAction","target":["https:\/\/www.iena.ch\/comment-parier\/"]}]},{"@type":"BreadcrumbList","@id":"https:\/\/www.iena.ch\/comment-parier\/#breadcrumb","itemListElement":[{"@type":"ListItem","position":1,"name":"Accueil","item":"https:\/\/www.iena.ch\/"},{"@type":"ListItem","position":2,"name":"Comment parier ?"}]},{"@type":"WebSite","@id":"https:\/\/www.iena.ch\/#website","url":"https:\/\/www.iena.ch\/","name":"IENA","description":"Institut \u00c9questre National d&#039;Avenches","publisher":{"@id":"https:\/\/www.iena.ch\/#organization"},"potentialAction":[{"@type":"SearchAction","target":{"@type":"EntryPoint","urlTemplate":"https:\/\/www.iena.ch\/?s={search_term_string}"},"query-input":{"@type":"PropertyValueSpecification","valueRequired":true,"valueName":"search_term_string"}}],"inLanguage":"de"},{"@type":"Organization","@id":"https:\/\/www.iena.ch\/#organization","name":"IENA","url":"https:\/\/www.iena.ch\/","logo":{"@type":"ImageObject","inLanguage":"de","@id":"https:\/\/www.iena.ch\/#\/schema\/logo\/image\/","url":"https:\/\/www.iena.ch\/wp-content\/uploads\/2023\/08\/logo-green.png","contentUrl":"https:\/\/www.iena.ch\/wp-content\/uploads\/2023\/08\/logo-green.png","width":140,"height":78,"caption":"IENA"},"image":{"@id":"https:\/\/www.iena.ch\/#\/schema\/logo\/image\/"},"sameAs":["https:\/\/www.facebook.com\/iena.avenches\/?locale=fr_FR","https:\/\/x.com\/iena_avenches","https:\/\/www.instagram.com\/iena.avenches\/"]}]}},"_links":{"self":[{"href":"https:\/\/www.iena.ch\/de\/wp-json\/wp\/v2\/pages\/47145","targetHints":{"allow":["GET"]}}],"collection":[{"href":"https:\/\/www.iena.ch\/de\/wp-json\/wp\/v2\/pages"}],"about":[{"href":"https:\/\/www.iena.ch\/de\/wp-json\/wp\/v2\/types\/page"}],"author":[{"embeddable":true,"href":"https:\/\/www.iena.ch\/de\/wp-json\/wp\/v2\/users\/1"}],"replies":[{"embeddable":true,"href":"https:\/\/www.iena.ch\/de\/wp-json\/wp\/v2\/comments?post=47145"}],"version-history":[{"count":50,"href":"https:\/\/www.iena.ch\/de\/wp-json\/wp\/v2\/pages\/47145\/revisions"}],"predecessor-version":[{"id":52264,"href":"https:\/\/www.iena.ch\/de\/wp-json\/wp\/v2\/pages\/47145\/revisions\/52264"}],"wp:attachment":[{"href":"https:\/\/www.iena.ch\/de\/wp-json\/wp\/v2\/media?parent=47145"}],"curies":[{"name":"wp","href":"https:\/\/api.w.org\/{rel}","templated":true}]}}