{"id":46653,"date":"2023-08-30T17:25:50","date_gmt":"2023-08-30T15:25:50","guid":{"rendered":"https:\/\/iena.ch\/?page_id=46653"},"modified":"2026-03-04T09:47:43","modified_gmt":"2026-03-04T08:47:43","slug":"jobs","status":"publish","type":"page","link":"https:\/\/www.iena.ch\/de\/jobs\/","title":{"rendered":"Jobs"},"content":{"rendered":"<div data-elementor-type=\"wp-page\" data-elementor-id=\"46653\" class=\"elementor elementor-46653\" data-elementor-post-type=\"page\">\n\t\t\t\t<div class=\"elementor-element elementor-element-ba4d5d9 e-flex e-con-boxed e-con e-parent\" data-id=\"ba4d5d9\" data-element_type=\"container\" data-e-type=\"container\" data-settings=\"{&quot;background_background&quot;:&quot;classic&quot;}\">\n\t\t\t\t\t<div class=\"e-con-inner\">\n\t\t\t\t\t<\/div>\n\t\t\t\t<\/div>\n\t\t<div class=\"elementor-element elementor-element-514693b e-flex e-con-boxed e-con e-parent\" data-id=\"514693b\" data-element_type=\"container\" data-e-type=\"container\">\n\t\t\t\t\t<div class=\"e-con-inner\">\n\t\t\t\t<div class=\"elementor-element elementor-element-b938f5b elementor-widget elementor-widget-heading\" data-id=\"b938f5b\" data-element_type=\"widget\" data-e-type=\"widget\" data-widget_type=\"heading.default\">\n\t\t\t\t<div class=\"elementor-widget-container\">\n\t\t\t\t\t<h2 class=\"elementor-heading-title elementor-size-default\">Jobs<\/h2>\t\t\t\t<\/div>\n\t\t\t\t<\/div>\n\t\t\t\t<div class=\"elementor-element elementor-element-d0f5de4 elementor-widget elementor-widget-spacer\" data-id=\"d0f5de4\" data-element_type=\"widget\" data-e-type=\"widget\" data-widget_type=\"spacer.default\">\n\t\t\t\t<div class=\"elementor-widget-container\">\n\t\t\t\t\t\t\t<div class=\"elementor-spacer\">\n\t\t\t<div class=\"elementor-spacer-inner\"><\/div>\n\t\t<\/div>\n\t\t\t\t\t\t<\/div>\n\t\t\t\t<\/div>\n\t\t\t\t<div class=\"elementor-element elementor-element-ff10468 elementor-widget elementor-widget-text-editor\" data-id=\"ff10468\" data-element_type=\"widget\" data-e-type=\"widget\" data-widget_type=\"text-editor.default\">\n\t\t\t\t<div class=\"elementor-widget-container\">\n\t\t\t\t\t\t\t\t\t<p>Das Institut Equestre National d'Avenches sucht f\u00fcr seine Abteilung \u00abAcademy\u00bb:<\/p><h4><strong>Leiterin Projekte und Kurse - IENA Academy<\/strong><\/h4><p><strong>Ersatz f\u00fcr Mutterschaftsurlaub (50 - 100%) CDD<\/strong><br \/><strong>Eintritt per sofort oder nach Vereinbarung bis 30.11.2026<\/strong><\/p><p>Als Nachfolger\/in der derzeitigen Leiterin \u00fcbernehmen Sie die Koordination und Entwicklung der p\u00e4dagogischen Aktivit\u00e4ten der IENA Academy. Sie spielen eine Schl\u00fcsselrolle zwischen Referenten, Partnern, Teilnehmern und der Leitung.<\/p><p><strong>Wer wir sind :<\/strong> Das IENA bietet eine in der Schweiz einzigartige Infrastruktur, die allen Disziplinen des Pferdesports gewidmet ist. \u00dcber seine Academy entwickelt das Institut Ausbildungen, Konferenzen und p\u00e4dagogische Projekte, die dazu beitragen, eine qualitativ hochwertige Beziehung zwischen Pferd und Mensch zu f\u00f6rdern.<\/p><p><strong>Ihre Aufgabe :<\/strong><br \/>- Verwaltung und Organisation von Schulungen<br \/>- Planung und Nachbereitung von Bildungsveranstaltungen<br \/>- Entwicklung und Verwaltung des Sprechernetzwerks<br \/>- F\u00f6rderung von p\u00e4dagogischen Aktivit\u00e4ten<br \/>- Entwicklung und Innovation<br \/>- Gestaltung und Verbesserung von Lehrmaterialien<\/p><p><strong>Ihr Profil:<\/strong><br \/>- Interesse an Ethologie, Pferdeverhalten und Tierschutz<br \/>- Erfahrung im Projektmanagement oder in der Organisation von Veranstaltungen<br \/>- Beherrschung der p\u00e4dagogischen Instrumente und Unterrichtsmethoden f\u00fcr verschiedene Zielgruppen<br \/>- Erfahrung im Unterrichten, in der Durchf\u00fchrung von Schulungen, idealerweise im Pferde- oder Tierbereich<br \/>- Ausgezeichnete soziale Kompetenz und Sinn f\u00fcr P\u00e4dagogik<br \/>- Kreativit\u00e4t, Selbstst\u00e4ndigkeit und Eigeninitiative<br \/>- Ausbildung in Agronomie, Pferdewissenschaften, Ethologie oder verwandten Bereichen w\u00e4re von Vorteil<\/p><p><strong>Wir bieten:<\/strong><br \/>- Ein einzigartiges Arbeitsumfeld im Herzen unseres Trainingszentrums<br \/>- Eine abwechslungsreiche T\u00e4tigkeit, die Organisation, P\u00e4dagogik und Entwicklung miteinander verbindet<br \/>- Gro\u00dfe Selbstst\u00e4ndigkeit bei der Organisation der Arbeit<br \/>- Eine Schl\u00fcsselrolle f\u00fcr das reibungslose Funktionieren der Academy<\/p><p>Wenn Sie aktiv zur Entwicklung der IENA Academy beitragen m\u00f6chten, freuen wir uns auf Ihre Bewerbungsunterlagen, die Sie ausschlie\u00dflich per E-Mail an : <strong>rh@iena.ch<\/strong><\/p>\t\t\t\t\t\t\t\t<\/div>\n\t\t\t\t<\/div>\n\t\t\t\t\t<\/div>\n\t\t\t\t<\/div>\n\t\t<div class=\"elementor-element elementor-element-316c67e e-flex e-con-boxed e-con e-parent\" data-id=\"316c67e\" data-element_type=\"container\" data-e-type=\"container\">\n\t\t\t\t\t<div class=\"e-con-inner\">\n\t\t\t\t\t<\/div>\n\t\t\t\t<\/div>\n\t\t<div class=\"elementor-element elementor-element-f51a7b8 e-flex e-con-boxed e-con e-parent\" data-id=\"f51a7b8\" data-element_type=\"container\" data-e-type=\"container\">\n\t\t\t\t\t<div class=\"e-con-inner\">\n\t\t\t\t<div class=\"elementor-element elementor-element-5bea609 elementor-widget elementor-widget-text-editor\" data-id=\"5bea609\" data-element_type=\"widget\" data-e-type=\"widget\" data-widget_type=\"text-editor.default\">\n\t\t\t\t<div class=\"elementor-widget-container\">\n\t\t\t\t\t\t\t\t\t<p class=\"p1\">Das Institut \u00c9questre National d'Avenches (IENA) ist ein multidisziplin\u00e4res Pferdesportzentrum, das jedes Jahr mehr als 40 Sportveranstaltungen organisiert. Auf der administrativen Seite verwaltet das IENA alle Verb\u00e4nde, die zur Welt des Pferderennsports geh\u00f6ren, und ist auch Dienstleister f\u00fcr die computergest\u00fctzte Verwaltung der Pferdewetten auf allen Schweizer Rennbahnen.<\/p>\t\t\t\t\t\t\t\t<\/div>\n\t\t\t\t<\/div>\n\t\t\t\t\t<\/div>\n\t\t\t\t<\/div>\n\t\t\t\t<\/div>","protected":false},"excerpt":{"rendered":"<p>Jobs L\u2019Institut Equestre National d\u2019Avenches recherche pour son d\u00e9partement \u00ab Academy \u00bb: Responsable Projets et Cours \u2013 IENA Academy Remplacement cong\u00e9 maternit\u00e9 (50 \u2013 100%) CDDEntr\u00e9e imm\u00e9diate ou \u00e0 convenir jusqu\u2019au 30.11.2026 Dans le cadre du remplacement de la responsable actuelle, vous prenez en main la coordination et le d\u00e9veloppement des activit\u00e9s p\u00e9dagogiques de l\u2019IENA [&hellip;]<\/p>\n","protected":false},"author":1,"featured_media":0,"parent":0,"menu_order":0,"comment_status":"closed","ping_status":"closed","template":"","meta":{"_acf_changed":false,"footnotes":""},"class_list":["post-46653","page","type-page","status-publish","hentry"],"acf":[],"yoast_head":"<!-- This site is optimized with the Yoast SEO plugin v27.3 - https:\/\/yoast.com\/product\/yoast-seo-wordpress\/ -->\n<title>Jobs - IENA, institut \u00e9questre national d&#039;Avenches<\/title>\n<meta name=\"description\" content=\"Jobs : l\u2019IENA organise plus de 40 manifestations, g\u00e8re les F\u00e9d\u00e9rations appartenant au monde des courses et est prestataire de services...\" \/>\n<meta name=\"robots\" content=\"index, follow, max-snippet:-1, max-image-preview:large, max-video-preview:-1\" \/>\n<link rel=\"canonical\" href=\"https:\/\/www.iena.ch\/de\/jobs\/\" \/>\n<meta property=\"og:locale\" content=\"de_DE\" \/>\n<meta property=\"og:type\" content=\"article\" \/>\n<meta property=\"og:title\" content=\"Jobs - IENA, institut \u00e9questre national d&#039;Avenches\" \/>\n<meta property=\"og:description\" content=\"Jobs : l\u2019IENA organise plus de 40 manifestations, g\u00e8re les F\u00e9d\u00e9rations appartenant au monde des courses et est prestataire de services...\" \/>\n<meta property=\"og:url\" content=\"https:\/\/www.iena.ch\/de\/jobs\/\" \/>\n<meta property=\"og:site_name\" content=\"IENA\" \/>\n<meta property=\"article:publisher\" content=\"https:\/\/www.facebook.com\/iena.avenches\/?locale=fr_FR\" \/>\n<meta property=\"article:modified_time\" content=\"2026-03-04T08:47:43+00:00\" \/>\n<meta name=\"twitter:card\" content=\"summary_large_image\" \/>\n<meta name=\"twitter:site\" content=\"@iena_avenches\" \/>\n<meta name=\"twitter:label1\" content=\"Gesch\u00e4tzte Lesezeit\" \/>\n\t<meta name=\"twitter:data1\" content=\"2\u00a0Minuten\" \/>\n<script type=\"application\/ld+json\" class=\"yoast-schema-graph\">{\"@context\":\"https:\\\/\\\/schema.org\",\"@graph\":[{\"@type\":\"WebPage\",\"@id\":\"https:\\\/\\\/www.iena.ch\\\/jobs\\\/\",\"url\":\"https:\\\/\\\/www.iena.ch\\\/jobs\\\/\",\"name\":\"Jobs - IENA, institut \u00e9questre national d'Avenches\",\"isPartOf\":{\"@id\":\"https:\\\/\\\/www.iena.ch\\\/#website\"},\"datePublished\":\"2023-08-30T15:25:50+00:00\",\"dateModified\":\"2026-03-04T08:47:43+00:00\",\"description\":\"Jobs : l\u2019IENA organise plus de 40 manifestations, g\u00e8re les F\u00e9d\u00e9rations appartenant au monde des courses et est prestataire de services...\",\"breadcrumb\":{\"@id\":\"https:\\\/\\\/www.iena.ch\\\/jobs\\\/#breadcrumb\"},\"inLanguage\":\"de\",\"potentialAction\":[{\"@type\":\"ReadAction\",\"target\":[\"https:\\\/\\\/www.iena.ch\\\/jobs\\\/\"]}]},{\"@type\":\"BreadcrumbList\",\"@id\":\"https:\\\/\\\/www.iena.ch\\\/jobs\\\/#breadcrumb\",\"itemListElement\":[{\"@type\":\"ListItem\",\"position\":1,\"name\":\"Accueil\",\"item\":\"https:\\\/\\\/www.iena.ch\\\/\"},{\"@type\":\"ListItem\",\"position\":2,\"name\":\"Jobs\"}]},{\"@type\":\"WebSite\",\"@id\":\"https:\\\/\\\/www.iena.ch\\\/#website\",\"url\":\"https:\\\/\\\/www.iena.ch\\\/\",\"name\":\"IENA\",\"description\":\"Institut \u00c9questre National d&#039;Avenches\",\"publisher\":{\"@id\":\"https:\\\/\\\/www.iena.ch\\\/#organization\"},\"potentialAction\":[{\"@type\":\"SearchAction\",\"target\":{\"@type\":\"EntryPoint\",\"urlTemplate\":\"https:\\\/\\\/www.iena.ch\\\/?s={search_term_string}\"},\"query-input\":{\"@type\":\"PropertyValueSpecification\",\"valueRequired\":true,\"valueName\":\"search_term_string\"}}],\"inLanguage\":\"de\"},{\"@type\":\"Organization\",\"@id\":\"https:\\\/\\\/www.iena.ch\\\/#organization\",\"name\":\"IENA\",\"url\":\"https:\\\/\\\/www.iena.ch\\\/\",\"logo\":{\"@type\":\"ImageObject\",\"inLanguage\":\"de\",\"@id\":\"https:\\\/\\\/www.iena.ch\\\/#\\\/schema\\\/logo\\\/image\\\/\",\"url\":\"https:\\\/\\\/www.iena.ch\\\/wp-content\\\/uploads\\\/2023\\\/08\\\/logo-green.png\",\"contentUrl\":\"https:\\\/\\\/www.iena.ch\\\/wp-content\\\/uploads\\\/2023\\\/08\\\/logo-green.png\",\"width\":140,\"height\":78,\"caption\":\"IENA\"},\"image\":{\"@id\":\"https:\\\/\\\/www.iena.ch\\\/#\\\/schema\\\/logo\\\/image\\\/\"},\"sameAs\":[\"https:\\\/\\\/www.facebook.com\\\/iena.avenches\\\/?locale=fr_FR\",\"https:\\\/\\\/x.com\\\/iena_avenches\",\"https:\\\/\\\/www.instagram.com\\\/iena.avenches\\\/\"]}]}<\/script>\n<!-- \/ Yoast SEO plugin. -->","yoast_head_json":{"title":"Jobs - IENA, Institut \u00e9questre national d'Avenches","description":"Jobs: Die IENA organisiert mehr als 40 Veranstaltungen, verwaltet die zur Welt des Rennsports geh\u00f6renden Verb\u00e4nde und ist Dienstleister...","robots":{"index":"index","follow":"follow","max-snippet":"max-snippet:-1","max-image-preview":"max-image-preview:large","max-video-preview":"max-video-preview:-1"},"canonical":"https:\/\/www.iena.ch\/de\/jobs\/","og_locale":"de_DE","og_type":"article","og_title":"Jobs - IENA, institut \u00e9questre national d'Avenches","og_description":"Jobs : l\u2019IENA organise plus de 40 manifestations, g\u00e8re les F\u00e9d\u00e9rations appartenant au monde des courses et est prestataire de services...","og_url":"https:\/\/www.iena.ch\/de\/jobs\/","og_site_name":"IENA","article_publisher":"https:\/\/www.facebook.com\/iena.avenches\/?locale=fr_FR","article_modified_time":"2026-03-04T08:47:43+00:00","twitter_card":"summary_large_image","twitter_site":"@iena_avenches","twitter_misc":{"Gesch\u00e4tzte Lesezeit":"2\u00a0Minuten"},"schema":{"@context":"https:\/\/schema.org","@graph":[{"@type":"WebPage","@id":"https:\/\/www.iena.ch\/jobs\/","url":"https:\/\/www.iena.ch\/jobs\/","name":"Jobs - IENA, Institut \u00e9questre national d'Avenches","isPartOf":{"@id":"https:\/\/www.iena.ch\/#website"},"datePublished":"2023-08-30T15:25:50+00:00","dateModified":"2026-03-04T08:47:43+00:00","description":"Jobs: Die IENA organisiert mehr als 40 Veranstaltungen, verwaltet die zur Welt des Rennsports geh\u00f6renden Verb\u00e4nde und ist Dienstleister...","breadcrumb":{"@id":"https:\/\/www.iena.ch\/jobs\/#breadcrumb"},"inLanguage":"de","potentialAction":[{"@type":"ReadAction","target":["https:\/\/www.iena.ch\/jobs\/"]}]},{"@type":"BreadcrumbList","@id":"https:\/\/www.iena.ch\/jobs\/#breadcrumb","itemListElement":[{"@type":"ListItem","position":1,"name":"Accueil","item":"https:\/\/www.iena.ch\/"},{"@type":"ListItem","position":2,"name":"Jobs"}]},{"@type":"WebSite","@id":"https:\/\/www.iena.ch\/#website","url":"https:\/\/www.iena.ch\/","name":"IENA","description":"Institut \u00c9questre National d&#039;Avenches","publisher":{"@id":"https:\/\/www.iena.ch\/#organization"},"potentialAction":[{"@type":"SearchAction","target":{"@type":"EntryPoint","urlTemplate":"https:\/\/www.iena.ch\/?s={search_term_string}"},"query-input":{"@type":"PropertyValueSpecification","valueRequired":true,"valueName":"search_term_string"}}],"inLanguage":"de"},{"@type":"Organization","@id":"https:\/\/www.iena.ch\/#organization","name":"IENA","url":"https:\/\/www.iena.ch\/","logo":{"@type":"ImageObject","inLanguage":"de","@id":"https:\/\/www.iena.ch\/#\/schema\/logo\/image\/","url":"https:\/\/www.iena.ch\/wp-content\/uploads\/2023\/08\/logo-green.png","contentUrl":"https:\/\/www.iena.ch\/wp-content\/uploads\/2023\/08\/logo-green.png","width":140,"height":78,"caption":"IENA"},"image":{"@id":"https:\/\/www.iena.ch\/#\/schema\/logo\/image\/"},"sameAs":["https:\/\/www.facebook.com\/iena.avenches\/?locale=fr_FR","https:\/\/x.com\/iena_avenches","https:\/\/www.instagram.com\/iena.avenches\/"]}]}},"_links":{"self":[{"href":"https:\/\/www.iena.ch\/de\/wp-json\/wp\/v2\/pages\/46653","targetHints":{"allow":["GET"]}}],"collection":[{"href":"https:\/\/www.iena.ch\/de\/wp-json\/wp\/v2\/pages"}],"about":[{"href":"https:\/\/www.iena.ch\/de\/wp-json\/wp\/v2\/types\/page"}],"author":[{"embeddable":true,"href":"https:\/\/www.iena.ch\/de\/wp-json\/wp\/v2\/users\/1"}],"replies":[{"embeddable":true,"href":"https:\/\/www.iena.ch\/de\/wp-json\/wp\/v2\/comments?post=46653"}],"version-history":[{"count":93,"href":"https:\/\/www.iena.ch\/de\/wp-json\/wp\/v2\/pages\/46653\/revisions"}],"predecessor-version":[{"id":52675,"href":"https:\/\/www.iena.ch\/de\/wp-json\/wp\/v2\/pages\/46653\/revisions\/52675"}],"wp:attachment":[{"href":"https:\/\/www.iena.ch\/de\/wp-json\/wp\/v2\/media?parent=46653"}],"curies":[{"name":"wp","href":"https:\/\/api.w.org\/{rel}","templated":true}]}}